{"id":601,"date":"2022-02-21T23:04:43","date_gmt":"2022-02-21T23:04:43","guid":{"rendered":"https:\/\/romser.cl\/?page_id=601"},"modified":"2026-03-18T13:14:30","modified_gmt":"2026-03-18T13:14:30","slug":"terrazas_cobertizos","status":"publish","type":"page","link":"https:\/\/romser.cl\/?page_id=601","title":{"rendered":"Terrazas"},"content":{"rendered":"<style>\/*! elementor - v3.6.4 - 13-04-2022 *\/\n.elementor-heading-title{padding:0;margin:0;line-height:1}.elementor-widget-heading .elementor-heading-title[class*=elementor-size-]>a{color:inherit;font-size:inherit;line-height:inherit}.elementor-widget-heading .elementor-heading-title.elementor-size-small{font-size:15px}.elementor-widget-heading .elementor-heading-title.elementor-size-medium{font-size:19px}.elementor-widget-heading .elementor-heading-title.elementor-size-large{font-size:29px}.elementor-widget-heading .elementor-heading-title.elementor-size-xl{font-size:39px}.elementor-widget-heading .elementor-heading-title.elementor-size-xxl{font-size:59px}<\/style>\n<h2>Terrazas<\/h2>\n<style>\/*! elementor - v3.6.4 - 13-04-2022 *\/\n.e-container.e-container--row .elementor-spacer-inner{width:var(--spacer-size)}.e-container.e-container--column .elementor-spacer-inner,.elementor-column .elementor-spacer-inner{height:var(--spacer-size)}<\/style>\n<style>\/*! elementor - v3.6.4 - 13-04-2022 *\/\n.elementor-widget-divider{--divider-border-style:none;--divider-border-width:1px;--divider-color:#2c2c2c;--divider-icon-size:20px;--divider-element-spacing:10px;--divider-pattern-height:24px;--divider-pattern-size:20px;--divider-pattern-url:none;--divider-pattern-repeat:repeat-x}.elementor-widget-divider .elementor-divider{display:-webkit-box;display:-ms-flexbox;display:flex}.elementor-widget-divider .elementor-divider__text{font-size:15px;line-height:1;max-width:95%}.elementor-widget-divider .elementor-divider__element{margin:0 var(--divider-element-spacing);-ms-flex-negative:0;flex-shrink:0}.elementor-widget-divider .elementor-icon{font-size:var(--divider-icon-size)}.elementor-widget-divider .elementor-divider-separator{display:-webkit-box;display:-ms-flexbox;display:flex;margin:0;direction:ltr}.elementor-widget-divider--view-line_icon .elementor-divider-separator,.elementor-widget-divider--view-line_text .elementor-divider-separator{-webkit-box-align:center;-ms-flex-align:center;align-items:center}.elementor-widget-divider--view-line_icon .elementor-divider-separator:after,.elementor-widget-divider--view-line_icon .elementor-divider-separator:before,.elementor-widget-divider--view-line_text .elementor-divider-separator:after,.elementor-widget-divider--view-line_text .elementor-divider-separator:before{display:block;content:\"\";border-bottom:0;-webkit-box-flex:1;-ms-flex-positive:1;flex-grow:1;border-top:var(--divider-border-width) var(--divider-border-style) var(--divider-color)}.elementor-widget-divider--element-align-left .elementor-divider .elementor-divider-separator>.elementor-divider__svg:first-of-type{-webkit-box-flex:0;-ms-flex-positive:0;flex-grow:0;-ms-flex-negative:100;flex-shrink:100}.elementor-widget-divider--element-align-left .elementor-divider-separator:before{content:none}.elementor-widget-divider--element-align-left .elementor-divider__element{margin-left:0}.elementor-widget-divider--element-align-right .elementor-divider .elementor-divider-separator>.elementor-divider__svg:last-of-type{-webkit-box-flex:0;-ms-flex-positive:0;flex-grow:0;-ms-flex-negative:100;flex-shrink:100}.elementor-widget-divider--element-align-right .elementor-divider-separator:after{content:none}.elementor-widget-divider--element-align-right .elementor-divider__element{margin-right:0}.elementor-widget-divider:not(.elementor-widget-divider--view-line_text):not(.elementor-widget-divider--view-line_icon) .elementor-divider-separator{border-top:var(--divider-border-width) var(--divider-border-style) var(--divider-color)}.elementor-widget-divider--separator-type-pattern{--divider-border-style:none}.elementor-widget-divider--separator-type-pattern.elementor-widget-divider--view-line .elementor-divider-separator,.elementor-widget-divider--separator-type-pattern:not(.elementor-widget-divider--view-line) .elementor-divider-separator:after,.elementor-widget-divider--separator-type-pattern:not(.elementor-widget-divider--view-line) .elementor-divider-separator:before,.elementor-widget-divider--separator-type-pattern:not([class*=elementor-widget-divider--view]) .elementor-divider-separator{width:100%;min-height:var(--divider-pattern-height);-webkit-mask-size:var(--divider-pattern-size) 100%;mask-size:var(--divider-pattern-size) 100%;-webkit-mask-repeat:var(--divider-pattern-repeat);mask-repeat:var(--divider-pattern-repeat);background-color:var(--divider-color);-webkit-mask-image:var(--divider-pattern-url);mask-image:var(--divider-pattern-url)}.elementor-widget-divider--no-spacing{--divider-pattern-size:auto}.elementor-widget-divider--bg-round{--divider-pattern-repeat:round}.rtl .elementor-widget-divider .elementor-divider__text{direction:rtl}<\/style>\n<h3>Terrazas Agradable Todo el a\u00f1o.<\/h3>\n<p style=\"text-align: justify;\">Nos caracterizamos, por dise\u00f1ar y crear espacios que cumplan con las ambientaciones que desean nuestros clientes, a partir de ello presentamos propuestas que se adapten a sus requerimientos, contemplando el comportamiento del clima en cada estaci\u00f3n, para que su terraza sea agradable en cualquier \u00e9poca del a\u00f1o.<\/p>\n<p>\t\t\t<a href=\"https:\/\/romser.cl\/cotizar-proyecto\/\" role=\"button\"><br \/>\n\t\t\t\t\t\tCotizar Proyectos<br \/>\n\t\t\t\t\t<\/a><\/p>\n<style>\/*! elementor - v3.6.4 - 13-04-2022 *\/\n.elementor-widget-image{text-align:center}.elementor-widget-image a{display:inline-block}.elementor-widget-image a img[src$=\".svg\"]{width:48px}.elementor-widget-image img{vertical-align:middle;display:inline-block}<\/style>\n<p>\t\t\t\t\t\t\t\t\t\t\t\t<img loading=\"lazy\" decoding=\"async\" width=\"843\" height=\"515\" src=\"https:\/\/romser.cl\/wp-content\/uploads\/2022\/01\/Mesa-de-trabajo-4@72x-100_0003_Mesa-de-trabajo-5@72x-100.jpg\" alt=\"\" loading=\"lazy\" srcset=\"https:\/\/romser.cl\/wp-content\/uploads\/2022\/01\/Mesa-de-trabajo-4@72x-100_0003_Mesa-de-trabajo-5@72x-100.jpg 843w, https:\/\/romser.cl\/wp-content\/uploads\/2022\/01\/Mesa-de-trabajo-4@72x-100_0003_Mesa-de-trabajo-5@72x-100-300x183.jpg 300w, https:\/\/romser.cl\/wp-content\/uploads\/2022\/01\/Mesa-de-trabajo-4@72x-100_0003_Mesa-de-trabajo-5@72x-100-768x469.jpg 768w\" sizes=\"auto, (max-width: 843px) 100vw, 843px\" \/>\t\t\t\t\t\t\t\t\t\t\t\t\t\t\t<\/p>\n<style>\/*! elementor - v3.6.4 - 13-04-2022 *\/\n.elementor-image-gallery .gallery-item{display:inline-block;text-align:center;vertical-align:top;width:100%;max-width:100%;margin:0 auto}.elementor-image-gallery .gallery-item img{margin:0 auto}.elementor-image-gallery .gallery-item .gallery-caption{margin:0}.elementor-image-gallery figure img{display:block}.elementor-image-gallery figure figcaption{width:100%}.gallery-spacing-custom .elementor-image-gallery .gallery-icon{padding:0}@media (min-width:768px){.elementor-image-gallery .gallery-columns-2 .gallery-item{max-width:50%}.elementor-image-gallery .gallery-columns-3 .gallery-item{max-width:33.33%}.elementor-image-gallery .gallery-columns-4 .gallery-item{max-width:25%}.elementor-image-gallery .gallery-columns-5 .gallery-item{max-width:20%}.elementor-image-gallery .gallery-columns-6 .gallery-item{max-width:16.666%}.elementor-image-gallery .gallery-columns-7 .gallery-item{max-width:14.28%}.elementor-image-gallery .gallery-columns-8 .gallery-item{max-width:12.5%}.elementor-image-gallery .gallery-columns-9 .gallery-item{max-width:11.11%}.elementor-image-gallery .gallery-columns-10 .gallery-item{max-width:10%}}@media (min-width:480px) and (max-width:767px){.elementor-image-gallery .gallery.gallery-columns-2 .gallery-item,.elementor-image-gallery .gallery.gallery-columns-3 .gallery-item,.elementor-image-gallery .gallery.gallery-columns-4 .gallery-item,.elementor-image-gallery .gallery.gallery-columns-5 .gallery-item,.elementor-image-gallery .gallery.gallery-columns-6 .gallery-item,.elementor-image-gallery .gallery.gallery-columns-7 .gallery-item,.elementor-image-gallery .gallery.gallery-columns-8 .gallery-item,.elementor-image-gallery .gallery.gallery-columns-9 .gallery-item,.elementor-image-gallery .gallery.gallery-columns-10 .gallery-item{max-width:50%}}@media (max-width:479px){.elementor-image-gallery .gallery.gallery-columns-2 .gallery-item,.elementor-image-gallery .gallery.gallery-columns-3 .gallery-item,.elementor-image-gallery .gallery.gallery-columns-4 .gallery-item,.elementor-image-gallery .gallery.gallery-columns-5 .gallery-item,.elementor-image-gallery .gallery.gallery-columns-6 .gallery-item,.elementor-image-gallery .gallery.gallery-columns-7 .gallery-item,.elementor-image-gallery .gallery.gallery-columns-8 .gallery-item,.elementor-image-gallery .gallery.gallery-columns-9 .gallery-item,.elementor-image-gallery .gallery.gallery-columns-10 .gallery-item{max-width:100%}}<\/style>\n<figure class='gallery-item'>\n\t\t\t\t<a data-elementor-open-lightbox=\"yes\" data-elementor-lightbox-slideshow=\"8abd7d1\" data-elementor-lightbox-title=\"web_0000_20210730_154255\" e-action-hash=\"#elementor-action%3Aaction%3Dlightbox%26settings%3DeyJpZCI6ODQzLCJ1cmwiOiJodHRwczpcL1wvYWdlbmN5Ymxvb2QuY29tXC9yb21zZXJcL3dwLWNvbnRlbnRcL3VwbG9hZHNcLzIwMjJcLzA0XC93ZWJfMDAwMF8yMDIxMDczMF8xNTQyNTUuanBnIiwic2xpZGVzaG93IjoiOGFiZDdkMSJ9\" href='https:\/\/romser.cl\/wp-content\/uploads\/2022\/04\/web_0000_20210730_154255.jpg'><img loading=\"lazy\" decoding=\"async\" width=\"300\" height=\"216\" src=\"https:\/\/romser.cl\/wp-content\/uploads\/2022\/04\/web_0000_20210730_154255-300x216.jpg\" alt=\"\" loading=\"lazy\" srcset=\"https:\/\/romser.cl\/wp-content\/uploads\/2022\/04\/web_0000_20210730_154255-300x216.jpg 300w, https:\/\/romser.cl\/wp-content\/uploads\/2022\/04\/web_0000_20210730_154255-1024x738.jpg 1024w, https:\/\/romser.cl\/wp-content\/uploads\/2022\/04\/web_0000_20210730_154255-768x553.jpg 768w, https:\/\/romser.cl\/wp-content\/uploads\/2022\/04\/web_0000_20210730_154255.jpg 1155w\" sizes=\"auto, (max-width: 300px) 100vw, 300px\" \/><\/a><br \/>\n\t\t\t<\/figure>\n<figure class='gallery-item'>\n\t\t\t\t<a data-elementor-open-lightbox=\"yes\" data-elementor-lightbox-slideshow=\"8abd7d1\" data-elementor-lightbox-title=\"web_0001_20210730_154310\" e-action-hash=\"#elementor-action%3Aaction%3Dlightbox%26settings%3DeyJpZCI6ODQ0LCJ1cmwiOiJodHRwczpcL1wvYWdlbmN5Ymxvb2QuY29tXC9yb21zZXJcL3dwLWNvbnRlbnRcL3VwbG9hZHNcLzIwMjJcLzA0XC93ZWJfMDAwMV8yMDIxMDczMF8xNTQzMTAuanBnIiwic2xpZGVzaG93IjoiOGFiZDdkMSJ9\" href='https:\/\/romser.cl\/wp-content\/uploads\/2022\/04\/web_0001_20210730_154310.jpg'><img loading=\"lazy\" decoding=\"async\" width=\"300\" height=\"216\" src=\"https:\/\/romser.cl\/wp-content\/uploads\/2022\/04\/web_0001_20210730_154310-300x216.jpg\" alt=\"\" loading=\"lazy\" srcset=\"https:\/\/romser.cl\/wp-content\/uploads\/2022\/04\/web_0001_20210730_154310-300x216.jpg 300w, https:\/\/romser.cl\/wp-content\/uploads\/2022\/04\/web_0001_20210730_154310-1024x738.jpg 1024w, https:\/\/romser.cl\/wp-content\/uploads\/2022\/04\/web_0001_20210730_154310-768x553.jpg 768w, https:\/\/romser.cl\/wp-content\/uploads\/2022\/04\/web_0001_20210730_154310.jpg 1155w\" sizes=\"auto, (max-width: 300px) 100vw, 300px\" \/><\/a><br \/>\n\t\t\t<\/figure>\n<figure class='gallery-item'>\n\t\t\t\t<a data-elementor-open-lightbox=\"yes\" data-elementor-lightbox-slideshow=\"8abd7d1\" data-elementor-lightbox-title=\"web_0002_20211126_121151\" e-action-hash=\"#elementor-action%3Aaction%3Dlightbox%26settings%3DeyJpZCI6ODQ1LCJ1cmwiOiJodHRwczpcL1wvYWdlbmN5Ymxvb2QuY29tXC9yb21zZXJcL3dwLWNvbnRlbnRcL3VwbG9hZHNcLzIwMjJcLzA0XC93ZWJfMDAwMl8yMDIxMTEyNl8xMjExNTEuanBnIiwic2xpZGVzaG93IjoiOGFiZDdkMSJ9\" href='https:\/\/romser.cl\/wp-content\/uploads\/2022\/04\/web_0002_20211126_121151.jpg'><img loading=\"lazy\" decoding=\"async\" width=\"300\" height=\"216\" src=\"https:\/\/romser.cl\/wp-content\/uploads\/2022\/04\/web_0002_20211126_121151-300x216.jpg\" alt=\"\" loading=\"lazy\" srcset=\"https:\/\/romser.cl\/wp-content\/uploads\/2022\/04\/web_0002_20211126_121151-300x216.jpg 300w, https:\/\/romser.cl\/wp-content\/uploads\/2022\/04\/web_0002_20211126_121151-1024x738.jpg 1024w, https:\/\/romser.cl\/wp-content\/uploads\/2022\/04\/web_0002_20211126_121151-768x553.jpg 768w, https:\/\/romser.cl\/wp-content\/uploads\/2022\/04\/web_0002_20211126_121151.jpg 1155w\" sizes=\"auto, (max-width: 300px) 100vw, 300px\" \/><\/a><br \/>\n\t\t\t<\/figure>\n<figure class='gallery-item'>\n\t\t\t\t<a data-elementor-open-lightbox=\"yes\" data-elementor-lightbox-slideshow=\"8abd7d1\" data-elementor-lightbox-title=\"web_0003_20211126_121207\" e-action-hash=\"#elementor-action%3Aaction%3Dlightbox%26settings%3DeyJpZCI6ODQ2LCJ1cmwiOiJodHRwczpcL1wvYWdlbmN5Ymxvb2QuY29tXC9yb21zZXJcL3dwLWNvbnRlbnRcL3VwbG9hZHNcLzIwMjJcLzA0XC93ZWJfMDAwM18yMDIxMTEyNl8xMjEyMDcuanBnIiwic2xpZGVzaG93IjoiOGFiZDdkMSJ9\" href='https:\/\/romser.cl\/wp-content\/uploads\/2022\/04\/web_0003_20211126_121207.jpg'><img loading=\"lazy\" decoding=\"async\" width=\"300\" height=\"216\" src=\"https:\/\/romser.cl\/wp-content\/uploads\/2022\/04\/web_0003_20211126_121207-300x216.jpg\" alt=\"\" loading=\"lazy\" srcset=\"https:\/\/romser.cl\/wp-content\/uploads\/2022\/04\/web_0003_20211126_121207-300x216.jpg 300w, https:\/\/romser.cl\/wp-content\/uploads\/2022\/04\/web_0003_20211126_121207-1024x738.jpg 1024w, https:\/\/romser.cl\/wp-content\/uploads\/2022\/04\/web_0003_20211126_121207-768x553.jpg 768w, https:\/\/romser.cl\/wp-content\/uploads\/2022\/04\/web_0003_20211126_121207.jpg 1155w\" sizes=\"auto, (max-width: 300px) 100vw, 300px\" \/><\/a><br \/>\n\t\t\t<\/figure>\n<figure class='gallery-item'>\n\t\t\t\t<a data-elementor-open-lightbox=\"yes\" data-elementor-lightbox-slideshow=\"8abd7d1\" data-elementor-lightbox-title=\"web_0004_20220407_171816\" e-action-hash=\"#elementor-action%3Aaction%3Dlightbox%26settings%3DeyJpZCI6ODQ3LCJ1cmwiOiJodHRwczpcL1wvYWdlbmN5Ymxvb2QuY29tXC9yb21zZXJcL3dwLWNvbnRlbnRcL3VwbG9hZHNcLzIwMjJcLzA0XC93ZWJfMDAwNF8yMDIyMDQwN18xNzE4MTYuanBnIiwic2xpZGVzaG93IjoiOGFiZDdkMSJ9\" href='https:\/\/romser.cl\/wp-content\/uploads\/2022\/04\/web_0004_20220407_171816.jpg'><img loading=\"lazy\" decoding=\"async\" width=\"300\" height=\"216\" src=\"https:\/\/romser.cl\/wp-content\/uploads\/2022\/04\/web_0004_20220407_171816-300x216.jpg\" alt=\"\" loading=\"lazy\" srcset=\"https:\/\/romser.cl\/wp-content\/uploads\/2022\/04\/web_0004_20220407_171816-300x216.jpg 300w, https:\/\/romser.cl\/wp-content\/uploads\/2022\/04\/web_0004_20220407_171816-1024x738.jpg 1024w, https:\/\/romser.cl\/wp-content\/uploads\/2022\/04\/web_0004_20220407_171816-768x553.jpg 768w, https:\/\/romser.cl\/wp-content\/uploads\/2022\/04\/web_0004_20220407_171816.jpg 1155w\" sizes=\"auto, (max-width: 300px) 100vw, 300px\" \/><\/a><br \/>\n\t\t\t<\/figure>\n<figure class='gallery-item'>\n\t\t\t\t<a data-elementor-open-lightbox=\"yes\" data-elementor-lightbox-slideshow=\"8abd7d1\" data-elementor-lightbox-title=\"web_0005_20220407_171422\" e-action-hash=\"#elementor-action%3Aaction%3Dlightbox%26settings%3DeyJpZCI6ODQ4LCJ1cmwiOiJodHRwczpcL1wvYWdlbmN5Ymxvb2QuY29tXC9yb21zZXJcL3dwLWNvbnRlbnRcL3VwbG9hZHNcLzIwMjJcLzA0XC93ZWJfMDAwNV8yMDIyMDQwN18xNzE0MjIuanBnIiwic2xpZGVzaG93IjoiOGFiZDdkMSJ9\" href='https:\/\/romser.cl\/wp-content\/uploads\/2022\/04\/web_0005_20220407_171422.jpg'><img loading=\"lazy\" decoding=\"async\" width=\"300\" height=\"216\" src=\"https:\/\/romser.cl\/wp-content\/uploads\/2022\/04\/web_0005_20220407_171422-300x216.jpg\" alt=\"\" loading=\"lazy\" srcset=\"https:\/\/romser.cl\/wp-content\/uploads\/2022\/04\/web_0005_20220407_171422-300x216.jpg 300w, https:\/\/romser.cl\/wp-content\/uploads\/2022\/04\/web_0005_20220407_171422-1024x738.jpg 1024w, https:\/\/romser.cl\/wp-content\/uploads\/2022\/04\/web_0005_20220407_171422-768x553.jpg 768w, https:\/\/romser.cl\/wp-content\/uploads\/2022\/04\/web_0005_20220407_171422.jpg 1155w\" sizes=\"auto, (max-width: 300px) 100vw, 300px\" \/><\/a><br \/>\n\t\t\t<\/figure>\n<figure class='gallery-item'>\n\t\t\t\t<a data-elementor-open-lightbox=\"yes\" data-elementor-lightbox-slideshow=\"8abd7d1\" data-elementor-lightbox-title=\"web_0006_20220318_141402\" e-action-hash=\"#elementor-action%3Aaction%3Dlightbox%26settings%3DeyJpZCI6ODQ5LCJ1cmwiOiJodHRwczpcL1wvYWdlbmN5Ymxvb2QuY29tXC9yb21zZXJcL3dwLWNvbnRlbnRcL3VwbG9hZHNcLzIwMjJcLzA0XC93ZWJfMDAwNl8yMDIyMDMxOF8xNDE0MDIuanBnIiwic2xpZGVzaG93IjoiOGFiZDdkMSJ9\" href='https:\/\/romser.cl\/wp-content\/uploads\/2022\/04\/web_0006_20220318_141402.jpg'><img loading=\"lazy\" decoding=\"async\" width=\"300\" height=\"216\" src=\"https:\/\/romser.cl\/wp-content\/uploads\/2022\/04\/web_0006_20220318_141402-300x216.jpg\" alt=\"\" loading=\"lazy\" srcset=\"https:\/\/romser.cl\/wp-content\/uploads\/2022\/04\/web_0006_20220318_141402-300x216.jpg 300w, https:\/\/romser.cl\/wp-content\/uploads\/2022\/04\/web_0006_20220318_141402-1024x738.jpg 1024w, https:\/\/romser.cl\/wp-content\/uploads\/2022\/04\/web_0006_20220318_141402-768x553.jpg 768w, https:\/\/romser.cl\/wp-content\/uploads\/2022\/04\/web_0006_20220318_141402.jpg 1155w\" sizes=\"auto, (max-width: 300px) 100vw, 300px\" \/><\/a><br \/>\n\t\t\t<\/figure>\n<figure class='gallery-item'>\n\t\t\t\t<a data-elementor-open-lightbox=\"yes\" data-elementor-lightbox-slideshow=\"8abd7d1\" data-elementor-lightbox-title=\"web_0007_20220318_141312\" e-action-hash=\"#elementor-action%3Aaction%3Dlightbox%26settings%3DeyJpZCI6ODUwLCJ1cmwiOiJodHRwczpcL1wvYWdlbmN5Ymxvb2QuY29tXC9yb21zZXJcL3dwLWNvbnRlbnRcL3VwbG9hZHNcLzIwMjJcLzA0XC93ZWJfMDAwN18yMDIyMDMxOF8xNDEzMTIuanBnIiwic2xpZGVzaG93IjoiOGFiZDdkMSJ9\" href='https:\/\/romser.cl\/wp-content\/uploads\/2022\/04\/web_0007_20220318_141312.jpg'><img loading=\"lazy\" decoding=\"async\" width=\"300\" height=\"216\" src=\"https:\/\/romser.cl\/wp-content\/uploads\/2022\/04\/web_0007_20220318_141312-300x216.jpg\" alt=\"\" loading=\"lazy\" srcset=\"https:\/\/romser.cl\/wp-content\/uploads\/2022\/04\/web_0007_20220318_141312-300x216.jpg 300w, https:\/\/romser.cl\/wp-content\/uploads\/2022\/04\/web_0007_20220318_141312-1024x738.jpg 1024w, https:\/\/romser.cl\/wp-content\/uploads\/2022\/04\/web_0007_20220318_141312-768x553.jpg 768w, https:\/\/romser.cl\/wp-content\/uploads\/2022\/04\/web_0007_20220318_141312.jpg 1155w\" sizes=\"auto, (max-width: 300px) 100vw, 300px\" \/><\/a><br \/>\n\t\t\t<\/figure>\n<figure class='gallery-item'>\n\t\t\t\t<a data-elementor-open-lightbox=\"yes\" data-elementor-lightbox-slideshow=\"8abd7d1\" data-elementor-lightbox-title=\"web_0008_20220316_171502\" e-action-hash=\"#elementor-action%3Aaction%3Dlightbox%26settings%3DeyJpZCI6ODUxLCJ1cmwiOiJodHRwczpcL1wvYWdlbmN5Ymxvb2QuY29tXC9yb21zZXJcL3dwLWNvbnRlbnRcL3VwbG9hZHNcLzIwMjJcLzA0XC93ZWJfMDAwOF8yMDIyMDMxNl8xNzE1MDIuanBnIiwic2xpZGVzaG93IjoiOGFiZDdkMSJ9\" href='https:\/\/romser.cl\/wp-content\/uploads\/2022\/04\/web_0008_20220316_171502.jpg'><img loading=\"lazy\" decoding=\"async\" width=\"300\" height=\"216\" src=\"https:\/\/romser.cl\/wp-content\/uploads\/2022\/04\/web_0008_20220316_171502-300x216.jpg\" alt=\"\" loading=\"lazy\" srcset=\"https:\/\/romser.cl\/wp-content\/uploads\/2022\/04\/web_0008_20220316_171502-300x216.jpg 300w, https:\/\/romser.cl\/wp-content\/uploads\/2022\/04\/web_0008_20220316_171502-1024x738.jpg 1024w, https:\/\/romser.cl\/wp-content\/uploads\/2022\/04\/web_0008_20220316_171502-768x553.jpg 768w, https:\/\/romser.cl\/wp-content\/uploads\/2022\/04\/web_0008_20220316_171502.jpg 1155w\" sizes=\"auto, (max-width: 300px) 100vw, 300px\" \/><\/a><br \/>\n\t\t\t<\/figure>\n<figure class='gallery-item'>\n\t\t\t\t<a data-elementor-open-lightbox=\"yes\" data-elementor-lightbox-slideshow=\"8abd7d1\" data-elementor-lightbox-title=\"web_0009_20220122_151724\" e-action-hash=\"#elementor-action%3Aaction%3Dlightbox%26settings%3DeyJpZCI6ODUyLCJ1cmwiOiJodHRwczpcL1wvYWdlbmN5Ymxvb2QuY29tXC9yb21zZXJcL3dwLWNvbnRlbnRcL3VwbG9hZHNcLzIwMjJcLzA0XC93ZWJfMDAwOV8yMDIyMDEyMl8xNTE3MjQuanBnIiwic2xpZGVzaG93IjoiOGFiZDdkMSJ9\" href='https:\/\/romser.cl\/wp-content\/uploads\/2022\/04\/web_0009_20220122_151724.jpg'><img loading=\"lazy\" decoding=\"async\" width=\"300\" height=\"216\" src=\"https:\/\/romser.cl\/wp-content\/uploads\/2022\/04\/web_0009_20220122_151724-300x216.jpg\" alt=\"\" loading=\"lazy\" srcset=\"https:\/\/romser.cl\/wp-content\/uploads\/2022\/04\/web_0009_20220122_151724-300x216.jpg 300w, https:\/\/romser.cl\/wp-content\/uploads\/2022\/04\/web_0009_20220122_151724-1024x738.jpg 1024w, https:\/\/romser.cl\/wp-content\/uploads\/2022\/04\/web_0009_20220122_151724-768x553.jpg 768w, https:\/\/romser.cl\/wp-content\/uploads\/2022\/04\/web_0009_20220122_151724.jpg 1155w\" sizes=\"auto, (max-width: 300px) 100vw, 300px\" \/><\/a><br \/>\n\t\t\t<\/figure>\n<figure class='gallery-item'>\n\t\t\t\t<a data-elementor-open-lightbox=\"yes\" data-elementor-lightbox-slideshow=\"8abd7d1\" data-elementor-lightbox-title=\"web_0010_20220122_144544\" e-action-hash=\"#elementor-action%3Aaction%3Dlightbox%26settings%3DeyJpZCI6ODUzLCJ1cmwiOiJodHRwczpcL1wvYWdlbmN5Ymxvb2QuY29tXC9yb21zZXJcL3dwLWNvbnRlbnRcL3VwbG9hZHNcLzIwMjJcLzA0XC93ZWJfMDAxMF8yMDIyMDEyMl8xNDQ1NDQuanBnIiwic2xpZGVzaG93IjoiOGFiZDdkMSJ9\" href='https:\/\/romser.cl\/wp-content\/uploads\/2022\/04\/web_0010_20220122_144544.jpg'><img loading=\"lazy\" decoding=\"async\" width=\"300\" height=\"216\" src=\"https:\/\/romser.cl\/wp-content\/uploads\/2022\/04\/web_0010_20220122_144544-300x216.jpg\" alt=\"\" loading=\"lazy\" srcset=\"https:\/\/romser.cl\/wp-content\/uploads\/2022\/04\/web_0010_20220122_144544-300x216.jpg 300w, https:\/\/romser.cl\/wp-content\/uploads\/2022\/04\/web_0010_20220122_144544-1024x738.jpg 1024w, https:\/\/romser.cl\/wp-content\/uploads\/2022\/04\/web_0010_20220122_144544-768x553.jpg 768w, https:\/\/romser.cl\/wp-content\/uploads\/2022\/04\/web_0010_20220122_144544.jpg 1155w\" sizes=\"auto, (max-width: 300px) 100vw, 300px\" \/><\/a><br \/>\n\t\t\t<\/figure>\n<figure class='gallery-item'>\n\t\t\t\t<a data-elementor-open-lightbox=\"yes\" data-elementor-lightbox-slideshow=\"8abd7d1\" data-elementor-lightbox-title=\"web_0011_20220122_144540\" e-action-hash=\"#elementor-action%3Aaction%3Dlightbox%26settings%3DeyJpZCI6ODU0LCJ1cmwiOiJodHRwczpcL1wvYWdlbmN5Ymxvb2QuY29tXC9yb21zZXJcL3dwLWNvbnRlbnRcL3VwbG9hZHNcLzIwMjJcLzA0XC93ZWJfMDAxMV8yMDIyMDEyMl8xNDQ1NDAuanBnIiwic2xpZGVzaG93IjoiOGFiZDdkMSJ9\" href='https:\/\/romser.cl\/wp-content\/uploads\/2022\/04\/web_0011_20220122_144540.jpg'><img loading=\"lazy\" decoding=\"async\" width=\"300\" height=\"216\" src=\"https:\/\/romser.cl\/wp-content\/uploads\/2022\/04\/web_0011_20220122_144540-300x216.jpg\" alt=\"\" loading=\"lazy\" srcset=\"https:\/\/romser.cl\/wp-content\/uploads\/2022\/04\/web_0011_20220122_144540-300x216.jpg 300w, https:\/\/romser.cl\/wp-content\/uploads\/2022\/04\/web_0011_20220122_144540-1024x738.jpg 1024w, https:\/\/romser.cl\/wp-content\/uploads\/2022\/04\/web_0011_20220122_144540-768x553.jpg 768w, https:\/\/romser.cl\/wp-content\/uploads\/2022\/04\/web_0011_20220122_144540.jpg 1155w\" sizes=\"auto, (max-width: 300px) 100vw, 300px\" \/><\/a><br \/>\n\t\t\t<\/figure>\n<figure class='gallery-item'>\n\t\t\t\t<a data-elementor-open-lightbox=\"yes\" data-elementor-lightbox-slideshow=\"8abd7d1\" data-elementor-lightbox-title=\"web_0012_20220305_165430\" e-action-hash=\"#elementor-action%3Aaction%3Dlightbox%26settings%3DeyJpZCI6ODU1LCJ1cmwiOiJodHRwczpcL1wvYWdlbmN5Ymxvb2QuY29tXC9yb21zZXJcL3dwLWNvbnRlbnRcL3VwbG9hZHNcLzIwMjJcLzA0XC93ZWJfMDAxMl8yMDIyMDMwNV8xNjU0MzAuanBnIiwic2xpZGVzaG93IjoiOGFiZDdkMSJ9\" href='https:\/\/romser.cl\/wp-content\/uploads\/2022\/04\/web_0012_20220305_165430.jpg'><img loading=\"lazy\" decoding=\"async\" width=\"300\" height=\"216\" src=\"https:\/\/romser.cl\/wp-content\/uploads\/2022\/04\/web_0012_20220305_165430-300x216.jpg\" alt=\"\" loading=\"lazy\" srcset=\"https:\/\/romser.cl\/wp-content\/uploads\/2022\/04\/web_0012_20220305_165430-300x216.jpg 300w, https:\/\/romser.cl\/wp-content\/uploads\/2022\/04\/web_0012_20220305_165430-1024x738.jpg 1024w, https:\/\/romser.cl\/wp-content\/uploads\/2022\/04\/web_0012_20220305_165430-768x553.jpg 768w, https:\/\/romser.cl\/wp-content\/uploads\/2022\/04\/web_0012_20220305_165430.jpg 1155w\" sizes=\"auto, (max-width: 300px) 100vw, 300px\" \/><\/a><br \/>\n\t\t\t<\/figure>\n<figure class='gallery-item'>\n\t\t\t\t<a data-elementor-open-lightbox=\"yes\" data-elementor-lightbox-slideshow=\"8abd7d1\" data-elementor-lightbox-title=\"web_0013_20220305_165422\" e-action-hash=\"#elementor-action%3Aaction%3Dlightbox%26settings%3DeyJpZCI6ODU2LCJ1cmwiOiJodHRwczpcL1wvYWdlbmN5Ymxvb2QuY29tXC9yb21zZXJcL3dwLWNvbnRlbnRcL3VwbG9hZHNcLzIwMjJcLzA0XC93ZWJfMDAxM18yMDIyMDMwNV8xNjU0MjIuanBnIiwic2xpZGVzaG93IjoiOGFiZDdkMSJ9\" href='https:\/\/romser.cl\/wp-content\/uploads\/2022\/04\/web_0013_20220305_165422.jpg'><img loading=\"lazy\" decoding=\"async\" width=\"300\" height=\"216\" src=\"https:\/\/romser.cl\/wp-content\/uploads\/2022\/04\/web_0013_20220305_165422-300x216.jpg\" alt=\"\" loading=\"lazy\" srcset=\"https:\/\/romser.cl\/wp-content\/uploads\/2022\/04\/web_0013_20220305_165422-300x216.jpg 300w, https:\/\/romser.cl\/wp-content\/uploads\/2022\/04\/web_0013_20220305_165422-1024x738.jpg 1024w, https:\/\/romser.cl\/wp-content\/uploads\/2022\/04\/web_0013_20220305_165422-768x553.jpg 768w, https:\/\/romser.cl\/wp-content\/uploads\/2022\/04\/web_0013_20220305_165422.jpg 1155w\" sizes=\"auto, (max-width: 300px) 100vw, 300px\" \/><\/a><br \/>\n\t\t\t<\/figure>\n","protected":false},"excerpt":{"rendered":"<p>Terrazas Terrazas Agradable Todo el a\u00f1o. Nos caracterizamos, por dise\u00f1ar y crear espacios que cumplan con las ambientaciones que desean nuestros clientes, a partir de ello presentamos propuestas que se adapten a sus requerimientos, contemplando el comportamiento del clima en cada estaci\u00f3n, para que su terraza sea agradable en cualquier \u00e9poca del a\u00f1o. Cotizar Proyectos<\/p>\n","protected":false},"author":1,"featured_media":0,"parent":0,"menu_order":0,"comment_status":"closed","ping_status":"closed","template":"elementor_header_footer","meta":{"nf_dc_page":"","_joinchat":[],"footnotes":""},"class_list":["post-601","page","type-page","status-publish","hentry","entry"],"_links":{"self":[{"href":"https:\/\/romser.cl\/index.php?rest_route=\/wp\/v2\/pages\/601","targetHints":{"allow":["GET"]}}],"collection":[{"href":"https:\/\/romser.cl\/index.php?rest_route=\/wp\/v2\/pages"}],"about":[{"href":"https:\/\/romser.cl\/index.php?rest_route=\/wp\/v2\/types\/page"}],"author":[{"embeddable":true,"href":"https:\/\/romser.cl\/index.php?rest_route=\/wp\/v2\/users\/1"}],"replies":[{"embeddable":true,"href":"https:\/\/romser.cl\/index.php?rest_route=%2Fwp%2Fv2%2Fcomments&post=601"}],"version-history":[{"count":25,"href":"https:\/\/romser.cl\/index.php?rest_route=\/wp\/v2\/pages\/601\/revisions"}],"predecessor-version":[{"id":1152,"href":"https:\/\/romser.cl\/index.php?rest_route=\/wp\/v2\/pages\/601\/revisions\/1152"}],"wp:attachment":[{"href":"https:\/\/romser.cl\/index.php?rest_route=%2Fwp%2Fv2%2Fmedia&parent=601"}],"curies":[{"name":"wp","href":"https:\/\/api.w.org\/{rel}","templated":true}]}}